{"id":755,"date":"2016-01-24T17:14:52","date_gmt":"2016-01-24T22:14:52","guid":{"rendered":"http:\/\/siembra.ec\/es\/?page_id=755"},"modified":"2021-03-18T13:18:34","modified_gmt":"2021-03-18T18:18:34","slug":"la-ensenada","status":"publish","type":"page","link":"https:\/\/www.gruposiembra.ec\/es\/plantaciones-de-teca-en-ecuador\/la-ensenada\/","title":{"rendered":"La Ensenada 2016"},"content":{"rendered":"<p>[vc_row css=\u00bb.vc_custom_1516829503105{margin-top: 40px !important;}\u00bb][vc_column][vc_column_text el_class=\u00bbtxtverde\u00bb]<\/p>\n<h2 class=\"t20 txtverde\">La Ensenada Forestal 2016<\/h2>\n<p>[\/vc_column_text][vc_empty_space height=\u00bb20px\u00bb][\/vc_column][\/vc_row][vc_row css=\u00bb.vc_custom_1516827682066{border-top-width: 1px !important;border-right-width: 1px !important;border-bottom-width: 1px !important;border-left-width: 1px !important;padding-top: 15px !important;padding-right: 15px !important;padding-bottom: 15px !important;padding-left: 15px !important;border-left-color: #e8e8e8 !important;border-right-color: #e8e8e8 !important;border-top-color: #e8e8e8 !important;border-bottom-color: #e8e8e8 !important;}\u00bb][vc_column width=\u00bb1\/4&#8243;][vc_empty_space height=\u00bb15px\u00bb][vc_single_image image=\u00bb848&#8243; img_size=\u00bbfull\u00bb][\/vc_column][vc_column width=\u00bb3\/4&#8243; css=\u00bb.vc_custom_1516827730086{padding: 20px !important;border: 1px solid #d8d8d8 !important;border-radius: 10px !important;}\u00bb][vc_column_text]<\/p>\n<h4>DATOS GENERALES<\/h4>\n<p>[\/vc_column_text][vc_column_text]<\/p>\n<table class=\"datosplantaciones\">\n<tbody>\n<tr>\n<td>Compa\u00f1\u00eda:<\/td>\n<td>La Ensenada Forestal<\/td>\n<\/tr>\n<tr>\n<td>Sector:<\/td>\n<td>Forestal<\/td>\n<\/tr>\n<tr>\n<td>Producto:<\/td>\n<td>Teca<\/td>\n<\/tr>\n<tr>\n<td>Ubicaci\u00f3n:<\/td>\n<td>Provincia del Guayas, Cant\u00f3n Balzar<\/td>\n<\/tr>\n<\/tbody>\n<\/table>\n<p>[\/vc_column_text][\/vc_column][\/vc_row][vc_row css=\u00bb.vc_custom_1516827682066{border-top-width: 1px !important;border-right-width: 1px !important;border-bottom-width: 1px !important;border-left-width: 1px !important;padding-top: 15px !important;padding-right: 15px !important;padding-bottom: 15px !important;padding-left: 15px !important;border-left-color: #e8e8e8 !important;border-right-color: #e8e8e8 !important;border-top-color: #e8e8e8 !important;border-bottom-color: #e8e8e8 !important;}\u00bb][vc_column css=\u00bb.vc_custom_1517004890849{padding: 20px !important;border: 1px solid #d8d8d8 !important;border-radius: 10px !important;}\u00bb][vc_column_text]<\/p>\n<h4>DATOS DE LA PLANTACI\u00d3N<\/h4>\n<p>[\/vc_column_text][vc_column_text]<\/p>\n<table class=\"datosplantaciones\">\n<tbody>\n<tr>\n<td>Superficie de la propiedad:<\/td>\n<td>386.82 ha.<\/td>\n<\/tr>\n<tr>\n<td>Superficie sembrada:<\/td>\n<td>320.02 ha.<\/td>\n<\/tr>\n<tr>\n<td>Distribuci\u00f3n de la Siembra:<\/td>\n<td>125.3 ha. sembradas en el 2014, y 194.72 ha. han sido ya completamente sembradas entre fines de 2015 e inicios de 2016<\/td>\n<\/tr>\n<\/tbody>\n<\/table>\n<p>[\/vc_column_text][\/vc_column][\/vc_row][vc_row css=\u00bb.vc_custom_1516827682066{border-top-width: 1px !important;border-right-width: 1px !important;border-bottom-width: 1px !important;border-left-width: 1px !important;padding-top: 15px !important;padding-right: 15px !important;padding-bottom: 15px !important;padding-left: 15px !important;border-left-color: #e8e8e8 !important;border-right-color: #e8e8e8 !important;border-top-color: #e8e8e8 !important;border-bottom-color: #e8e8e8 !important;}\u00bb][vc_column css=\u00bb.vc_custom_1517004901168{padding: 20px !important;border: 1px solid #d8d8d8 !important;border-radius: 10px !important;}\u00bb][vc_column_text]<\/p>\n<h4>COLOCACI\u00d3N<\/h4>\n<p>[\/vc_column_text][vc_column_text]<\/p>\n<table class=\"datosplantaciones\">\n<tbody>\n<tr>\n<td>Colocaci\u00f3n:<\/td>\n<td>Oferta P\u00fablica Secundaria de acciones<\/td>\n<\/tr>\n<tr>\n<td>N\u00famero de acciones:<\/td>\n<td>2&#8217;500.000 acciones<\/td>\n<\/tr>\n<tr>\n<td>Precio de colocaci\u00f3n:<\/td>\n<td>US$ 2.60 cada acci\u00f3n<\/td>\n<\/tr>\n<tr>\n<td>Rentabilidad:<\/td>\n<td>Competitiva*<\/td>\n<\/tr>\n<tr>\n<td>Percepci\u00f3n de la rentabilidad:<\/td>\n<td>Al corte de la plantaci\u00f3n<\/td>\n<\/tr>\n<tr>\n<td>Edad estimada de corte:<\/td>\n<td>20 a\u00f1os a partir de la siembra<\/td>\n<\/tr>\n<\/tbody>\n<\/table>\n<p>[\/vc_column_text][vc_empty_space height=\u00bb20px\u00bb][vc_column_text]<\/p>\n<p class=\"t11 txtgris\"><strong>*\u00a0<\/strong>El c\u00e1lculo de rentabilidad est\u00e1 basado en las proyecciones de crecimiento de madera, fundadas en datos hist\u00f3ricos reales; en estimaciones conservadoras de precios y en c\u00e1lculos de costos y gastos de mantenimiento. El proyecto contempla acumular todos los recursos necesarios para la operaci\u00f3n, hasta el corte de la madera, desde el principio de la operaci\u00f3n. La empresa no contempla la existencia de pasivos financieros.<\/p>\n<p>[\/vc_column_text][\/vc_column][\/vc_row][vc_row css=\u00bb.vc_custom_1517107206946{margin-bottom: 50px !important;}\u00bb][vc_column][vc_separator color=\u00bbcustom\u00bb border_width=\u00bb6&#8243; accent_color=\u00bb#85bf40&#8243;][vc_empty_space height=\u00bb40px\u00bb][vc_column_text]<\/p>\n<h3>NUESTRAS PLANTACIONES<\/h3>\n<p>[\/vc_column_text][vc_empty_space height=\u00bb20px\u00bb][vc_row_inner][vc_column_inner width=\u00bb1\/3&#8243;][vc_column_text]<div id='plantaciones_1' class='widgets_on_page wop_tiny1  wop_small1  wop_medium1  wop_large1  wop_wide1'>\n\t\t\t<ul><li id=\"nav_menu-3\" class=\"widget widget_nav_menu\"><div class=\"menu-plantaciones-container\"><ul id=\"menu-plantaciones\" class=\"menu\"><li id=\"menu-item-772\" class=\"menu-item menu-item-type-post_type menu-item-object-page menu-item-772\"><a href=\"https:\/\/www.gruposiembra.ec\/es\/plantaciones-de-teca-en-ecuador\/valle-grande\/\">Valle Grande 2017<\/a><\/li>\n<li id=\"menu-item-766\" class=\"menu-item menu-item-type-post_type menu-item-object-page menu-item-766\"><a href=\"https:\/\/www.gruposiembra.ec\/es\/plantaciones-de-teca-en-ecuador\/la-ensenada\/\">La Ensenada 2016<\/a><\/li>\n<li id=\"menu-item-768\" class=\"menu-item menu-item-type-post_type menu-item-object-page menu-item-768\"><a href=\"https:\/\/www.gruposiembra.ec\/es\/plantaciones-de-teca-en-ecuador\/rio-grande\/\">R\u00edo Grande 2015<\/a><\/li>\n<li id=\"menu-item-767\" class=\"menu-item menu-item-type-post_type menu-item-object-page menu-item-767\"><a href=\"https:\/\/www.gruposiembra.ec\/es\/plantaciones-de-teca-en-ecuador\/la-vanguardia\/\">La Vanguardia 2014<\/a><\/li>\n<li id=\"menu-item-765\" class=\"menu-item menu-item-type-post_type menu-item-object-page menu-item-765\"><a href=\"https:\/\/www.gruposiembra.ec\/es\/plantaciones-de-teca-en-ecuador\/la-cumbre\/\">La Cumbre 2013<\/a><\/li>\n<li id=\"menu-item-771\" class=\"menu-item menu-item-type-post_type menu-item-object-page menu-item-771\"><a href=\"https:\/\/www.gruposiembra.ec\/es\/plantaciones-de-teca-en-ecuador\/cerro-alto\/\">Cerro Alto 2012<\/a><\/li>\n<\/ul><\/div><\/li><\/ul><\/div><!-- widgets_on_page -->[\/vc_column_text][\/vc_column_inner][vc_column_inner width=\u00bb1\/3&#8243;][vc_column_text]<div id='plantaciones_2' class='widgets_on_page wop_tiny1  wop_small1  wop_medium1  wop_large1  wop_wide1'>\n\t\t\t<ul><li id=\"nav_menu-4\" class=\"widget widget_nav_menu\"><div class=\"menu-plantaciones-2-container\"><ul id=\"menu-plantaciones-2\" class=\"menu\"><li id=\"menu-item-973\" class=\"menu-item menu-item-type-post_type menu-item-object-page menu-item-973\"><a href=\"https:\/\/www.gruposiembra.ec\/es\/plantaciones-de-teca-en-ecuador\/la-sabana\/\">La Sabana 2012<\/a><\/li>\n<li id=\"menu-item-971\" class=\"menu-item menu-item-type-post_type menu-item-object-page menu-item-971\"><a href=\"https:\/\/www.gruposiembra.ec\/es\/plantaciones-de-teca-en-ecuador\/la-colina\/\">La Colina 2011<\/a><\/li>\n<li id=\"menu-item-972\" class=\"menu-item menu-item-type-post_type menu-item-object-page menu-item-972\"><a href=\"https:\/\/www.gruposiembra.ec\/es\/plantaciones-de-teca-en-ecuador\/la-estancia\/\">La Estancia 2010<\/a><\/li>\n<li id=\"menu-item-969\" class=\"menu-item menu-item-type-post_type menu-item-object-page menu-item-969\"><a href=\"https:\/\/www.gruposiembra.ec\/es\/plantaciones-de-teca-en-ecuador\/el-sendero\/\">El Sendero 2009<\/a><\/li>\n<li id=\"menu-item-974\" class=\"menu-item menu-item-type-post_type menu-item-object-page menu-item-974\"><a href=\"https:\/\/www.gruposiembra.ec\/es\/plantaciones-de-teca-en-ecuador\/el-refugio-2\/\">El Refugio 2008<\/a><\/li>\n<li id=\"menu-item-970\" class=\"menu-item menu-item-type-post_type menu-item-object-page menu-item-970\"><a href=\"https:\/\/www.gruposiembra.ec\/es\/plantaciones-de-teca-en-ecuador\/la-campina\/\">La Campi\u00f1a 2007<\/a><\/li>\n<\/ul><\/div><\/li><\/ul><\/div><!-- widgets_on_page -->[\/vc_column_text][\/vc_column_inner][vc_column_inner width=\u00bb1\/3&#8243;][vc_column_text]<div id='plantaciones_3' class='widgets_on_page wop_tiny1  wop_small1  wop_medium1  wop_large1  wop_wide1'>\n\t\t\t<ul><li id=\"nav_menu-5\" class=\"widget widget_nav_menu\"><div class=\"menu-plantaciones-3-container\"><ul id=\"menu-plantaciones-3\" class=\"menu\"><li id=\"menu-item-975\" class=\"menu-item menu-item-type-post_type menu-item-object-page menu-item-975\"><a href=\"https:\/\/www.gruposiembra.ec\/es\/plantaciones-de-teca-en-ecuador\/cerro-verde\/\">Cerro Verde 2006<\/a><\/li>\n<li id=\"menu-item-977\" class=\"menu-item menu-item-type-post_type menu-item-object-page menu-item-977\"><a href=\"https:\/\/www.gruposiembra.ec\/es\/plantaciones-de-teca-en-ecuador\/la-reserva\/\">La Reserva 2005<\/a><\/li>\n<li id=\"menu-item-976\" class=\"menu-item menu-item-type-post_type menu-item-object-page menu-item-976\"><a href=\"https:\/\/www.gruposiembra.ec\/es\/plantaciones-de-teca-en-ecuador\/el-tecal\/\">El Tecal 2004<\/a><\/li>\n<li id=\"menu-item-979\" class=\"menu-item menu-item-type-post_type menu-item-object-page menu-item-979\"><a href=\"https:\/\/www.gruposiembra.ec\/es\/plantaciones-de-teca-en-ecuador\/rio-congo\/\">R\u00edo Congo 2003<\/a><\/li>\n<li id=\"menu-item-978\" class=\"menu-item menu-item-type-post_type menu-item-object-page menu-item-978\"><a href=\"https:\/\/www.gruposiembra.ec\/es\/plantaciones-de-teca-en-ecuador\/meriza\/\">Meriza 2002<\/a><\/li>\n<\/ul><\/div><\/li><\/ul><\/div><!-- widgets_on_page -->[\/vc_column_text][\/vc_column_inner][\/vc_row_inner][\/vc_column][\/vc_row]<\/p>\n","protected":false},"excerpt":{"rendered":"<p>[vc_row css=\u00bb.vc_custom_1516829503105{margin-top: 40px !important;}\u00bb][vc_column][vc_column_text el_class=\u00bbtxtverde\u00bb] La Ensenada Forestal 2016 [\/vc_column_text][vc_empty_space height=\u00bb20px\u00bb][\/vc_column][\/vc_row][vc_row css=\u00bb.vc_custom_1516827682066{border-top-width: 1px !important;border-right-width: 1px !important;border-bottom-width: 1px !important;border-left-width: 1px !important;padding-top: 15px !important;padding-right: 15px !important;padding-bottom: 15px !important;padding-left: 15px !important;border-left-color: #e8e8e8 !important;border-right-color: #e8e8e8 !important;border-top-color: #e8e8e8 !important;border-bottom-color: #e8e8e8 !important;}\u00bb][vc_column width=\u00bb1\/4&#8243;][vc_empty_space height=\u00bb15px\u00bb][vc_single_image image=\u00bb848&#8243; img_size=\u00bbfull\u00bb][\/vc_column][vc_column width=\u00bb3\/4&#8243; css=\u00bb.vc_custom_1516827730086{padding: 20px !important;border: 1px solid #d8d8d8 !important;border-radius: 10px !important;}\u00bb][vc_column_text] DATOS GENERALES [\/vc_column_text][vc_column_text] Compa\u00f1\u00eda: La [&hellip;]<\/p>\n","protected":false},"author":1,"featured_media":1261,"parent":19,"menu_order":0,"comment_status":"closed","ping_status":"closed","template":"","meta":{"inline_featured_image":false},"_links":{"self":[{"href":"https:\/\/www.gruposiembra.ec\/es\/wp-json\/wp\/v2\/pages\/755"}],"collection":[{"href":"https:\/\/www.gruposiembra.ec\/es\/wp-json\/wp\/v2\/pages"}],"about":[{"href":"https:\/\/www.gruposiembra.ec\/es\/wp-json\/wp\/v2\/types\/page"}],"author":[{"embeddable":true,"href":"https:\/\/www.gruposiembra.ec\/es\/wp-json\/wp\/v2\/users\/1"}],"replies":[{"embeddable":true,"href":"https:\/\/www.gruposiembra.ec\/es\/wp-json\/wp\/v2\/comments?post=755"}],"version-history":[{"count":11,"href":"https:\/\/www.gruposiembra.ec\/es\/wp-json\/wp\/v2\/pages\/755\/revisions"}],"predecessor-version":[{"id":1549,"href":"https:\/\/www.gruposiembra.ec\/es\/wp-json\/wp\/v2\/pages\/755\/revisions\/1549"}],"up":[{"embeddable":true,"href":"https:\/\/www.gruposiembra.ec\/es\/wp-json\/wp\/v2\/pages\/19"}],"wp:featuredmedia":[{"embeddable":true,"href":"https:\/\/www.gruposiembra.ec\/es\/wp-json\/wp\/v2\/media\/1261"}],"wp:attachment":[{"href":"https:\/\/www.gruposiembra.ec\/es\/wp-json\/wp\/v2\/media?parent=755"}],"curies":[{"name":"wp","href":"https:\/\/api.w.org\/{rel}","templated":true}]}}