{"id":588,"date":"2018-01-22T22:32:43","date_gmt":"2018-01-23T03:32:43","guid":{"rendered":"http:\/\/siembra.ec\/es\/?page_id=588"},"modified":"2018-12-04T19:31:24","modified_gmt":"2018-12-05T00:31:24","slug":"como-invertir","status":"publish","type":"page","link":"https:\/\/www.gruposiembra.ec\/es\/como-invertir\/","title":{"rendered":"\u00bfC\u00f3mo invertir en nuestras plantaciones de teca?"},"content":{"rendered":"<p>[vc_row css=\u00bb.vc_custom_1516671751946{margin-top: 40px !important;}\u00bb][vc_column width=\u00bb5\/6&#8243;][vc_empty_space height=\u00bb25px\u00bb][vc_column_text]<\/p>\n<h3>Montos de Inversi\u00f3n<\/h3>\n<p>[\/vc_column_text][vc_separator color=\u00bbcustom\u00bb align=\u00bbalign_left\u00bb border_width=\u00bb6&#8243; el_width=\u00bb20&#8243; css_animation=\u00bbnone\u00bb accent_color=\u00bb#85bf40&#8243; css=\u00bb.vc_custom_1516680917454{margin-top: 10px !important;margin-bottom: 25px !important;}\u00bb][vc_row_inner][vc_column_inner width=\u00bb1\/3&#8243;][vc_single_image image=\u00bb591&#8243; img_size=\u00bbfull\u00bb alignment=\u00bbcenter\u00bb][vc_empty_space height=\u00bb20px\u00bb][\/vc_column_inner][vc_column_inner width=\u00bb2\/3&#8243; css=\u00bb.vc_custom_1516680598479{margin-top: 0px !important;padding-top: 0px !important;}\u00bb][vc_column_text]<\/p>\n<h4>Monto m\u00ednimo de inversi\u00f3n<\/h4>\n<p>El m\u00ednimo recomendado es de $2,600 para inversionistas nacionales y $6,000 para inversionistas extranjeros, al momento de la oferta p\u00fablica.[\/vc_column_text][vc_empty_space height=\u00bb20px\u00bb][vc_column_text]<\/p>\n<h4>Monto m\u00e1ximo de inversi\u00f3n<\/h4>\n<p>El monto m\u00e1ximo de inversi\u00f3n es el 10% de la compa\u00f1\u00eda; no obstante al ser una compa\u00f1\u00eda que cotiza en bolsa, no podemos impedir la compra de una cantidad mayor. Los promotores participan en aproximadamente el 25% del capital accionario, protegiendo de esa manera una participaci\u00f3n hostil en perjuicio de los peque\u00f1os inversionistas.[\/vc_column_text][\/vc_column_inner][\/vc_row_inner][vc_empty_space height=\u00bb35px\u00bb][vc_column_text]<\/p>\n<h3>Requisitos para invertir<\/h3>\n<p>[\/vc_column_text][vc_separator color=\u00bbcustom\u00bb align=\u00bbalign_left\u00bb border_width=\u00bb6&#8243; el_width=\u00bb20&#8243; css_animation=\u00bbslideInRight\u00bb accent_color=\u00bb#85bf40&#8243; css=\u00bb.vc_custom_1516680924575{margin-top: 10px !important;}\u00bb][vc_empty_space height=\u00bb20px\u00bb][vc_column_text]<\/p>\n<h4>Requisitos para inversionistas ecuatorianos<\/h4>\n<p><strong>1.<\/strong> Disponer de c\u00e9dula de identidad.<\/p>\n<p><strong>2.<\/strong> Llenar el formulario de \u00abInicio de relaciones comerciales\u00bb, ya que es responsabilidad de quien recibe la inversi\u00f3n, Banco o Casa de Valores, establecer que los fondos que se reciben tengan origen l\u00edcito.<\/p>\n<p><strong>3.<\/strong> Se sugiere un monto m\u00ednimo de inversi\u00f3n de $2,600.<\/p>\n<hr \/>\n<h4><\/h4>\n<h4>Requisitos para inversionistas extranjeros<\/h4>\n<p><strong>1.<\/strong> Disponer de pasaporte.<\/p>\n<p><strong>2.<\/strong> Llenar el formulario de \u00abInicio de relaciones comerciales\u00bb, ya que es responsabilidad de quien recibe la inversi\u00f3n, Banco o Casa de Valores, establecer que los fondos que se reciben tengan origen l\u00edcito.<\/p>\n<p><strong>3.<\/strong> Certificaci\u00f3n de un Banco de su pa\u00eds de origen, en el sentido de \u00abdisponer de una cuenta corriente, de ahorros o de inversi\u00f3n\u00bb. Si bien, esto no demuestra el origen de sus recursos, se presume la buena fe y por otro lado se puede verificar con el banco la calidad de su cliente.<\/p>\n<p><strong>4.<\/strong> Para inversionistas del exterior, no es necesario venir f\u00edsicamente al Ecuador para realizar una inversi\u00f3n, basta con que usted llene un formulario de apertura de cuenta y mandato en una Casa de Valores (recomendamos <a href=\"http:\/\/www.albioncasadevalores.ec\/\">Albion Casa de Valores<\/a>), e instruya la compra de los t\u00edtulos valores que determine, para que la operaci\u00f3n se efect\u00fae.<\/p>\n<p><strong>5.<\/strong> La apertura de su cuenta de inversi\u00f3n puede realizarla con un monto m\u00ednimo de $6,000.<\/p>\n<hr \/>\n<h5><span class=\"color_texto_ac\">Pasos para abrir una cuenta de inversi\u00f3n<\/span><\/h5>\n<p><span class=\"color_texto_ac\"><strong>1.<\/strong> Seg\u00fan su situaci\u00f3n, descargue uno de los siguientes formularios:<br \/>\n<\/span><\/p>\n<p><span class=\"color_texto_ac\"><a href=\"http:\/\/gruposiembra.ec\/es\/wp-content\/uploads\/ALBION_FIRC_003_NATURAL_07_01_2013.pdf\" target=\"_blank\" rel=\"noopener\"><img loading=\"lazy\" class=\"alignnone wp-image-653\" src=\"http:\/\/gruposiembra.ec\/es\/wp-content\/uploads\/2018\/01\/pdf_icon-medium.png\" alt=\"\" width=\"42\" height=\"57\" \/> Formulario de apertura de cuenta persona natural<\/a><\/span><\/p>\n<p><span class=\"color_texto_ac\"><a href=\"http:\/\/gruposiembra.ec\/es\/wp-content\/uploads\/ALBION_FIRC_002_JURIDICA_07_01_2013.pdf\" target=\"_blank\" rel=\"noopener\"><img loading=\"lazy\" class=\"alignnone wp-image-653\" src=\"http:\/\/gruposiembra.ec\/es\/wp-content\/uploads\/2018\/01\/pdf_icon-medium.png\" alt=\"\" width=\"42\" height=\"57\" \/> Formulario de apertura de cuenta persona jur\u00eddica<\/a><\/span><\/p>\n<p><strong>2. <\/strong>Llene el formulario.<\/p>\n<p><span class=\"color_texto_ac\"><strong>3.<\/strong> Env\u00edenos el formulario a <a href=\"mailto:fsantistevan@freemarket.com.ec\">fsantistevan@freemarket.com.ec.<\/a>\u00a0<\/span>[\/vc_column_text][vc_empty_space height=\u00bb50px\u00bb][\/vc_column][vc_column width=\u00bb1\/6&#8243;][\/vc_column][\/vc_row][vc_row full_width=\u00bbstretch_row\u00bb css=\u00bb.vc_custom_1516681151950{margin-top: 0px !important;margin-bottom: 0px !important;padding-top: 40px !important;padding-bottom: 40px !important;background-color: #8ac43f !important;}\u00bb][vc_column][vc_row_inner css=\u00bb.vc_custom_1517243578148{padding-top: 20px !important;padding-right: 30px !important;padding-left: 30px !important;}\u00bb][vc_column_inner width=\u00bb2\/3&#8243;][vc_column_text css=\u00bb.vc_custom_1521644274532{padding-top: 10px !important;padding-bottom: 10px !important;}\u00bb]<\/p>\n<h3 class=\"centrar txtblanco\">\u00bfBusca invertir en nuestras plantaciones de teca?<\/h3>\n<p>[\/vc_column_text][\/vc_column_inner][vc_column_inner width=\u00bb1\/3&#8243;][vc_btn title=\u00bbCONT\u00c1CTENOS\u00bb color=\u00bbmulled-wine\u00bb size=\u00bblg\u00bb align=\u00bbcenter\u00bb button_block=\u00bbtrue\u00bb link=\u00bburl:http%3A%2F%2Fgruposiembra.ec%2Fes%2Fcontacto%2F|||\u00bb css=\u00bb.vc_custom_1543969879911{padding-top: 10px !important;padding-bottom: 10px !important;}\u00bb][\/vc_column_inner][\/vc_row_inner][\/vc_column][\/vc_row]<\/p>\n","protected":false},"excerpt":{"rendered":"<p>[vc_row css=\u00bb.vc_custom_1516671751946{margin-top: 40px !important;}\u00bb][vc_column width=\u00bb5\/6&#8243;][vc_empty_space height=\u00bb25px\u00bb][vc_column_text] Montos de Inversi\u00f3n [\/vc_column_text][vc_separator color=\u00bbcustom\u00bb align=\u00bbalign_left\u00bb border_width=\u00bb6&#8243; el_width=\u00bb20&#8243; css_animation=\u00bbnone\u00bb accent_color=\u00bb#85bf40&#8243; css=\u00bb.vc_custom_1516680917454{margin-top: 10px !important;margin-bottom: 25px !important;}\u00bb][vc_row_inner][vc_column_inner width=\u00bb1\/3&#8243;][vc_single_image image=\u00bb591&#8243; img_size=\u00bbfull\u00bb alignment=\u00bbcenter\u00bb][vc_empty_space height=\u00bb20px\u00bb][\/vc_column_inner][vc_column_inner width=\u00bb2\/3&#8243; css=\u00bb.vc_custom_1516680598479{margin-top: 0px !important;padding-top: 0px !important;}\u00bb][vc_column_text] Monto m\u00ednimo de inversi\u00f3n El m\u00ednimo recomendado es de $2,600 para inversionistas nacionales y $6,000 para inversionistas extranjeros, al momento de la oferta [&hellip;]<\/p>\n","protected":false},"author":1,"featured_media":0,"parent":0,"menu_order":0,"comment_status":"closed","ping_status":"closed","template":"page-tpl_full_width.php","meta":{"inline_featured_image":false},"_links":{"self":[{"href":"https:\/\/www.gruposiembra.ec\/es\/wp-json\/wp\/v2\/pages\/588"}],"collection":[{"href":"https:\/\/www.gruposiembra.ec\/es\/wp-json\/wp\/v2\/pages"}],"about":[{"href":"https:\/\/www.gruposiembra.ec\/es\/wp-json\/wp\/v2\/types\/page"}],"author":[{"embeddable":true,"href":"https:\/\/www.gruposiembra.ec\/es\/wp-json\/wp\/v2\/users\/1"}],"replies":[{"embeddable":true,"href":"https:\/\/www.gruposiembra.ec\/es\/wp-json\/wp\/v2\/comments?post=588"}],"version-history":[{"count":40,"href":"https:\/\/www.gruposiembra.ec\/es\/wp-json\/wp\/v2\/pages\/588\/revisions"}],"predecessor-version":[{"id":1532,"href":"https:\/\/www.gruposiembra.ec\/es\/wp-json\/wp\/v2\/pages\/588\/revisions\/1532"}],"wp:attachment":[{"href":"https:\/\/www.gruposiembra.ec\/es\/wp-json\/wp\/v2\/media?parent=588"}],"curies":[{"name":"wp","href":"https:\/\/api.w.org\/{rel}","templated":true}]}}