{"id":575,"date":"2018-01-22T22:10:49","date_gmt":"2018-01-23T03:10:49","guid":{"rendered":"http:\/\/siembra.ec\/es\/?page_id=575"},"modified":"2021-03-21T22:55:43","modified_gmt":"2021-03-22T03:55:43","slug":"por-que-invertir","status":"publish","type":"page","link":"https:\/\/www.gruposiembra.ec\/es\/por-que-invertir\/","title":{"rendered":"\u00bfPor qu\u00e9 invertir en acciones de Siembra?"},"content":{"rendered":"<p>[vc_row gap=\u00bb35&#8243; css=\u00bb.vc_custom_1516983536723{margin-top: 40px !important;padding-right: 15px !important;padding-left: 15px !important;}\u00bb][vc_column width=\u00bb1\/2&#8243; offset=\u00bbvc_col-lg-offset-0 vc_col-lg-6 vc_col-md-offset-0 vc_col-md-6 vc_col-sm-offset-0 vc_col-xs-12&#8243; el_class=\u00bbfixtablet\u00bb][vc_empty_space height=\u00bb20px\u00bb][vc_column_text]Nuestro modelo de negocios contempla la colocaci\u00f3n en bolsa de acciones comunes, donde cada una de estas acciones tiene iguales derechos y beneficios, no existiendo acciones preferentes o con derechos privilegiados. Para ese efecto y con el prop\u00f3sito de disminuir o eliminar los riesgos para nuestros inversionistas, previo al proceso de oferta p\u00fablica, procedemos a comprar tierra de alta calidad, sembrarla con las mejores pr\u00e1cticas forestales, incorporar todos los recursos econ\u00f3micos necesarios para operar la plantaci\u00f3n y colocar acciones de las empresas forestales en Bolsa, una vez completado tal proceso. De esa manera, cuando se integran los inversionistas la plantaci\u00f3n se encuentra debidamente sembrada y dotada de los recursos necesarios para su vida, de tal forma que la colocaci\u00f3n de las acciones es indiferente con la vida econ\u00f3mica sana de la empresa.<\/p>\n<p>Al adquirir acciones de nuestras plantaciones de Teca, usted no solo es beneficiario de los dividendos provenientes del primer corte, sino tambi\u00e9n de los dividendos provenientes de los cortes posteriores, fruto de los rebrotes t\u00edpicos de esta especie.[\/vc_column_text][vc_empty_space height=\u00bb30px\u00bb][\/vc_column][vc_column width=\u00bb1\/2&#8243; css=\u00bb.vc_custom_1516993108806{margin-left: 20px !important;padding-left: 15px !important;}\u00bb offset=\u00bbvc_col-lg-offset-0 vc_col-lg-6 vc_col-md-offset-0 vc_col-md-6 vc_col-sm-offset-1 vc_col-xs-12&#8243; el_class=\u00bbfixtablet\u00bb][\/vc_column][\/vc_row][vc_row css=\u00bb.vc_custom_1517000461644{margin-top: 0px !important;margin-bottom: 20px !important;padding-top: 0px !important;}\u00bb][vc_column width=\u00bb1\/2&#8243; css=\u00bb.vc_custom_1517000467344{margin-top: 0px !important;padding-top: 0px !important;}\u00bb][vc_column_text]<\/p>\n<h3 class=\"Museo-700\">Ventajas de la Inversi\u00f3n<\/h3>\n<p>[\/vc_column_text][vc_separator color=\u00bbcustom\u00bb align=\u00bbalign_left\u00bb border_width=\u00bb6&#8243; el_width=\u00bb20&#8243; css_animation=\u00bbslideInRight\u00bb accent_color=\u00bb#85bf40&#8243; css=\u00bb.vc_custom_1516675056879{padding-top: 10px !important;}\u00bb][vc_empty_space height=\u00bb20px\u00bb][vc_column_text]<\/p>\n<h4>Entorno pa\u00eds<\/h4>\n<p>El pa\u00eds cuenta con un modelo monetario dolarizado, lo cual permite al inversionistas mantener una proyecci\u00f3n de su inversi\u00f3n a largo plazo, exenta de cualquier riesgo cambiario.<\/p>\n<p>En el Ecuador existe tratamiento igualitario para inversionistas locales y extranjeros, es decir ante la Ley sus derechos son los mismos.<\/p>\n<p>La mayor tranquilidad para el inversionista est\u00e1 fundamentada en nuestra pol\u00edtica de cumplimiento de cada una de las normas legales y mejores pr\u00e1cticas que rigen a nuestra organizaci\u00f3n.[\/vc_column_text][vc_empty_space height=\u00bb20px\u00bb][vc_column_text]<\/p>\n<h4>Precio de la madera<\/h4>\n<p>Considerando que es un cultivo de largo plazo, los precios de las maderas pueden variar. El comportamiento hist\u00f3rico ha sido de constante crecimiento en los precios como consecuencia de la demanda en aumento de este tipo de madera. Particularmente la participaci\u00f3n activa de China e India en el mercado de materias primas b\u00e1sicas supondr\u00e1 una demanda creciente sostenida.[\/vc_column_text][vc_empty_space height=\u00bb20px\u00bb][vc_column_text]<\/p>\n<h4>Seguro contra incendios<\/h4>\n<p>La teca es inmune al fuego a partir del 4to a\u00f1o de siembra. Se han tomado las medidas de cuidado de la plantaci\u00f3n, pero adem\u00e1s se cuenta con un seguro forestal tomado con Seguros C\u00f3ndor, el cual considera una tasa creciente de pago por siniestro del 15% anual, con lo cual se cubre adem\u00e1s el costo de oportunidad del inversionista en caso de siniestro. El mencionado seguro est\u00e1 ya pagado por toda la etapa de riesgo para cada una de las plantaciones.[\/vc_column_text][vc_empty_space height=\u00bb20px\u00bb][vc_column_text]<\/p>\n<h4>Status legal de la plantaci\u00f3n<\/h4>\n<p>La propiedad se encuentra plenamente documentada y se cuenta con todos los registros legales exigidos, para cada una de las plantaciones.[\/vc_column_text][vc_empty_space height=\u00bb20px\u00bb][vc_column_text]<\/p>\n<h4>Ubicaci\u00f3n y clima privilegiados<\/h4>\n<p>El clima de Ecuador permite que el cultivo de teca sea exitoso. Adem\u00e1s, la zona no es propensa a hucaranes y vientos, permitiendo un crecimiento exitoso de los \u00e1rboles. El primer eje de desarrollo se encuentra en el cant\u00f3n Balzar de la provincia del Guayas, donde se cuenta con excelentes niveles de precipitaci\u00f3n (entre 1200mm y 2000 al a\u00f1o). Todas las plantaciones cuentan con drenajes naturales.[\/vc_column_text][vc_empty_space height=\u00bb20px\u00bb][vc_column_text]<\/p>\n<h4>Resistencia de la madera de teca<\/h4>\n<p>La teca es una especie muy resistente a plagas, incendios y hongos.[\/vc_column_text][vc_empty_space height=\u00bb40px\u00bb][\/vc_column][vc_column width=\u00bb1\/2&#8243;][vc_empty_space height=\u00bb20px\u00bb][vc_single_image image=\u00bb618&#8243; img_size=\u00bbfull\u00bb alignment=\u00bbcenter\u00bb][\/vc_column][\/vc_row][vc_row][vc_column][vc_separator][\/vc_column][\/vc_row]<\/p>\n","protected":false},"excerpt":{"rendered":"<p>[vc_row gap=\u00bb35&#8243; css=\u00bb.vc_custom_1516983536723{margin-top: 40px !important;padding-right: 15px !important;padding-left: 15px !important;}\u00bb][vc_column width=\u00bb1\/2&#8243; offset=\u00bbvc_col-lg-offset-0 vc_col-lg-6 vc_col-md-offset-0 vc_col-md-6 vc_col-sm-offset-0 vc_col-xs-12&#8243; el_class=\u00bbfixtablet\u00bb][vc_empty_space height=\u00bb20px\u00bb][vc_column_text]Nuestro modelo de negocios contempla la colocaci\u00f3n en bolsa de acciones comunes, donde cada una de estas acciones tiene iguales derechos y beneficios, no existiendo acciones preferentes o con derechos privilegiados. Para ese efecto y con el prop\u00f3sito [&hellip;]<\/p>\n","protected":false},"author":1,"featured_media":0,"parent":0,"menu_order":0,"comment_status":"closed","ping_status":"closed","template":"page-tpl_full_width.php","meta":{"inline_featured_image":false},"_links":{"self":[{"href":"https:\/\/www.gruposiembra.ec\/es\/wp-json\/wp\/v2\/pages\/575"}],"collection":[{"href":"https:\/\/www.gruposiembra.ec\/es\/wp-json\/wp\/v2\/pages"}],"about":[{"href":"https:\/\/www.gruposiembra.ec\/es\/wp-json\/wp\/v2\/types\/page"}],"author":[{"embeddable":true,"href":"https:\/\/www.gruposiembra.ec\/es\/wp-json\/wp\/v2\/users\/1"}],"replies":[{"embeddable":true,"href":"https:\/\/www.gruposiembra.ec\/es\/wp-json\/wp\/v2\/comments?post=575"}],"version-history":[{"count":39,"href":"https:\/\/www.gruposiembra.ec\/es\/wp-json\/wp\/v2\/pages\/575\/revisions"}],"predecessor-version":[{"id":1581,"href":"https:\/\/www.gruposiembra.ec\/es\/wp-json\/wp\/v2\/pages\/575\/revisions\/1581"}],"wp:attachment":[{"href":"https:\/\/www.gruposiembra.ec\/es\/wp-json\/wp\/v2\/media?parent=575"}],"curies":[{"name":"wp","href":"https:\/\/api.w.org\/{rel}","templated":true}]}}