{"id":443,"date":"2018-01-13T12:41:04","date_gmt":"2018-01-13T17:41:04","guid":{"rendered":"http:\/\/demo.djmimi.net\/themes\/industry\/?page_id=2"},"modified":"2025-03-18T09:01:24","modified_gmt":"2025-03-18T14:01:24","slug":"inicio","status":"publish","type":"page","link":"https:\/\/www.gruposiembra.ec\/es\/","title":{"rendered":"INICIO"},"content":{"rendered":"<p>[vc_row css=\u00bb.vc_custom_1521736560997{margin-top: -20px !important;margin-bottom: 10px !important;padding-top: 0px !important;}\u00bb][vc_column][vc_column_text]<\/p>\n<h3>\u00bfPor qu\u00e9 comprar nuestras acciones de plantaciones de teca?<\/h3>\n<p>[\/vc_column_text][vc_empty_space height=\u00bb10px\u00bb][vc_separator color=\u00bbcustom\u00bb border_width=\u00bb6&#8243; el_width=\u00bb30&#8243; css_animation=\u00bbfadeInRight\u00bb accent_color=\u00bb#85BF40&#8243;][vc_empty_space height=\u00bb15px\u00bb][\/vc_column][\/vc_row][vc_row gap=\u00bb35&#8243; content_placement=\u00bbtop\u00bb css=\u00bb.vc_custom_1516312035613{margin-top: 0px !important;margin-bottom: 0px !important;padding-top: 0px !important;}\u00bb][vc_column width=\u00bb1\/4&#8243;][vc_single_image image=\u00bb497&#8243; el_class=\u00bbcamaleon centrarmobile\u00bb][vc_empty_space height=\u00bb15px\u00bb][vc_column_text el_class=\u00bbcentrarmobile\u00bb]<\/p>\n<h4>Nuestras acciones cotizan en la Bolsa de Valores<\/h4>\n<p>[\/vc_column_text][vc_empty_space height=\u00bb15px\u00bb][vc_column_text el_class=\u00bbcentrarmobile\u00bb]Desde 2002, nuestro equipo de expertos ha sembrado y administrado 17 plantaciones de teca que cotizan en la Bolsa de Valores.[\/vc_column_text][\/vc_column][vc_column width=\u00bb1\/4&#8243; el_class=\u00bbcentrarmobile\u00bb][vc_single_image image=\u00bb496&#8243; el_class=\u00bbcamaleon centrarmobile\u00bb][vc_empty_space height=\u00bb15px\u00bb][vc_column_text el_class=\u00bbcentrarmobile\u00bb]<\/p>\n<h4>Proyecci\u00f3n de alta <span class=\"st\">rentabilidad anual<br \/>\n<\/span><\/h4>\n<p>[\/vc_column_text][vc_empty_space height=\u00bb15px\u00bb][vc_column_text el_class=\u00bbcentrarmobile\u00bb]<\/p>\n<div class=\"vc_tta-panel-body\">\n<div class=\"wpb_text_column wpb_content_element \">\n<div class=\"wpb_wrapper\">\n<p style=\"text-align: left;\">Se calcula en base a volumen de producci\u00f3n, proyecci\u00f3n de gastos y estimaci\u00f3n de la inflaci\u00f3n en el precio de la madera en el mercado internacional.<\/p>\n<\/div>\n<\/div>\n<\/div>\n<p>[\/vc_column_text][\/vc_column][vc_column width=\u00bb1\/4&#8243; el_class=\u00bbcentrarmobile\u00bb][vc_single_image image=\u00bb495&#8243; el_class=\u00bbcamaleon centrarmobile\u00bb][vc_empty_space height=\u00bb15px\u00bb][vc_column_text el_class=\u00bbcentrarmobile\u00bb]<\/p>\n<h4>M\u00faltiples rebrotes, m\u00faltiples dividendos<\/h4>\n<p>[\/vc_column_text][vc_empty_space height=\u00bb15px\u00bb][vc_column_text el_class=\u00bbcentrarmobile\u00bb]<span class=\"st\">El inversionista es beneficiario de los dividendos del primer corte, y de los dividendos de los cortes posteriores, fruto de rebrotes de los \u00e1rboles de teca.<br \/>\n<\/span>[\/vc_column_text][vc_empty_space height=\u00bb30px\u00bb][\/vc_column][vc_column width=\u00bb1\/4&#8243;][vc_single_image image=\u00bb498&#8243; el_class=\u00bbcamaleon centrarmobile\u00bb][vc_empty_space height=\u00bb15px\u00bb][vc_column_text el_class=\u00bbcentrarmobile\u00bb]<\/p>\n<h4>Montos de inversi\u00f3n asequibles<\/h4>\n<p>[\/vc_column_text][vc_empty_space height=\u00bb15px\u00bb][vc_column_text el_class=\u00bbcentrarmobile\u00bb]Nuestro monto m\u00ednimo de inversi\u00f3n de $2,600 convierte nuestras acciones en una opci\u00f3n asequible de inversi\u00f3n y ahorro.[\/vc_column_text][vc_empty_space height=\u00bb30px\u00bb][\/vc_column][\/vc_row][vc_row full_width=\u00bbstretch_row\u00bb css=\u00bb.vc_custom_1516338662907{margin-top: 0px !important;margin-bottom: 30px !important;padding-top: 0px !important;}\u00bb][vc_column css=\u00bb.vc_custom_1516339978961{margin-top: 0px !important;padding-top: 0px !important;}\u00bb][vc_btn title=\u00bbCONOZCA M\u00c1S VENTAJAS\u00bb color=\u00bbmulled-wine\u00bb size=\u00bblg\u00bb align=\u00bbcenter\u00bb css_animation=\u00bbslideInUp\u00bb link=\u00bburl:http%3A%2F%2Fgruposiembra.ec%2Fes%2Fpor-que-invertir%2F|||\u00bb el_class=\u00bbbotonbordeblanco\u00bb][\/vc_column][\/vc_row][vc_row full_width=\u00bbstretch_row\u00bb css=\u00bb.vc_custom_1516312419938{padding-top: 60px !important;padding-bottom: 60px !important;background-color: #f0f0f0 !important;}\u00bb][vc_column css=\u00bb.vc_custom_1455214228658{padding-top: 0px !important;}\u00bb][vc_column_text]<\/p>\n<h3>Proyectos en Venta<\/h3>\n<p>[\/vc_column_text][vc_empty_space height=\u00bb10px\u00bb][vc_separator color=\u00bbcustom\u00bb border_width=\u00bb6&#8243; el_width=\u00bb10&#8243; css_animation=\u00bbfadeInRight\u00bb accent_color=\u00bb#85bf40&#8243;][vc_row_inner gap=\u00bb35&#8243; css=\u00bb.vc_custom_1516922664465{padding-top: 0px !important;padding-bottom: 0px !important;}\u00bb][vc_column_inner width=\u00bb1\/2&#8243; css=\u00bb.vc_custom_1516939023357{padding: 0px !important;}\u00bb][vc_column_text]<\/p>\n<p class=\"centrar\">            <div class=\"oxi-addons-container noLightbox oxi-image-hover-wrapper-1 \" id=\"oxi-image-hover-wrapper-1\">\r\n                <div class=\"oxi-addons-row\">\r\n                                <div class=\"oxi-image-hover-style oxi-bt-col-lg-12 oxi-bt-col-md-12 oxi-bt-col-sm-12  \" >\r\n                <div class=\"oxi-image-hover-style-general\">\r\n                    <div class=\"oxi-image-hover oxi-image-general-hover oxi-image-general-hover-style-13 oxi-image-general-hover-1-1\">\r\n                                                    <a  href=\"http:\/\/gruposiembra.ec\/es\/plantaciones-de-teca-en-ecuador\/valle-grande\/\" target=\"_blank\">\r\n                                                            <div class=\"oxi-image-hover-figure\">\r\n                                <div class=\"oxi-image-hover-image\">\r\n                                    <img src=\"http:\/\/gruposiembra.ec\/es\/wp-content\/uploads\/2017-valle-grande.jpg\" >\r\n                                <\/div>\r\n                                <div class=\"oxi-image-hover-figure-caption\">\r\n                                    <div class=\"oxi-image-hover-caption-tab   image-hover-align-center-center\">\r\n                                                                                    <h3 class=\"oxi-image-hover-heading iheu-no-animation  \">Valle Grande Forestal<\/h3>\r\n                                                                                            <div class=\"oxi-image-hover-content iheu-no-animation \">2017<\/div>\r\n                                                                                <\/div>\r\n                                <\/div>\r\n                            <\/div>\r\n                                                        <\/a>\r\n                                                <\/div>\r\n                <\/div> \r\n                            <\/div>\r\n                            <\/div>\r\n            <\/div>\n<p>[\/vc_column_text][vc_column_text]<\/p>\n<h5 class=\"centrar\">VALLE GRANDE FORESTAL<\/h5>\n<p>[\/vc_column_text][\/vc_column_inner][vc_column_inner width=\u00bb1\/2&#8243; css=\u00bb.vc_custom_1516939030260{padding: 0px !important;}\u00bb][vc_column_text]<\/p>\n<p class=\"centrar\">            <div class=\"oxi-addons-container noLightbox oxi-image-hover-wrapper-2 \" id=\"oxi-image-hover-wrapper-2\">\r\n                <div class=\"oxi-addons-row\">\r\n                                <div class=\"oxi-image-hover-style oxi-bt-col-lg-12 oxi-bt-col-md-12 oxi-bt-col-sm-12  \" >\r\n                <div class=\"oxi-image-hover-style-general\">\r\n                    <div class=\"oxi-image-hover oxi-image-general-hover oxi-image-general-hover-style-13 oxi-image-general-hover-2-2\">\r\n                                                    <a  href=\"http:\/\/gruposiembra.ec\/es\/plantaciones-de-teca-en-ecuador\/la-ensenada\/\" target=\"_blank\">\r\n                                                            <div class=\"oxi-image-hover-figure\">\r\n                                <div class=\"oxi-image-hover-image\">\r\n                                    <img src=\"http:\/\/gruposiembra.ec\/es\/wp-content\/uploads\/2016-la-ensenada.jpg\" >\r\n                                <\/div>\r\n                                <div class=\"oxi-image-hover-figure-caption\">\r\n                                    <div class=\"oxi-image-hover-caption-tab   image-hover-align-center-center\">\r\n                                                                                    <h3 class=\"oxi-image-hover-heading iheu-no-animation  \">La Ensenada<\/h3>\r\n                                                                                            <div class=\"oxi-image-hover-content iheu-no-animation \">2016<\/div>\r\n                                                                                <\/div>\r\n                                <\/div>\r\n                            <\/div>\r\n                                                        <\/a>\r\n                                                <\/div>\r\n                <\/div> \r\n                            <\/div>\r\n                            <\/div>\r\n            <\/div>\n<p>[\/vc_column_text][vc_column_text]<\/p>\n<h5 class=\"centrar\">LA ENSENADA<\/h5>\n<p>[\/vc_column_text][\/vc_column_inner][\/vc_row_inner][\/vc_column][\/vc_row][vc_row full_width=\u00bbstretch_row\u00bb css=\u00bb.vc_custom_1516339689515{margin-bottom: 0px !important;padding-top: 60px !important;padding-bottom: 0px !important;}\u00bb][vc_column width=\u00bb1\/2&#8243; css=\u00bb.vc_custom_1455214228658{padding-top: 0px !important;}\u00bb][vc_column_text]<\/p>\n<h3>Nuestras plantaciones de teca<\/h3>\n<p>[\/vc_column_text][vc_empty_space height=\u00bb10px\u00bb][vc_separator color=\u00bbcustom\u00bb border_width=\u00bb6&#8243; el_width=\u00bb30&#8243; css_animation=\u00bbfadeInRight\u00bb accent_color=\u00bb#85BF40&#8243;][vc_empty_space height=\u00bb20px\u00bb][vc_column_text]Desde el 2002, hemos sembrado 17 bosques de teca en Ecuador. Est\u00e1n ubicadas entre los cantones El Empalme y Balzar, al norte de la provincia del Guayas.<\/p>\n<p>El clima del sector permite un cultivo exitoso, con excelente nivel de lluvias. Todas las plantaciones cuentan con drenajes naturales y v\u00edas de f\u00e1cil acceso para sus plantaciones.[\/vc_column_text][vc_empty_space height=\u00bb20px\u00bb][vc_row_inner gap=\u00bb10&#8243;][vc_column_inner width=\u00bb1\/2&#8243;][vc_btn title=\u00bbVER PLANTACIONES\u00bb shape=\u00bbsquare\u00bb color=\u00bbmulled-wine\u00bb size=\u00bblg\u00bb align=\u00bbcenter\u00bb css_animation=\u00bbfadeInLeft\u00bb button_block=\u00bbtrue\u00bb link=\u00bburl:http%3A%2F%2Fgruposiembra.ec%2Fes%2Fplantaciones-de-teca-en-ecuador%2F|||\u00bb][\/vc_column_inner][vc_column_inner width=\u00bb1\/2&#8243;][vc_btn title=\u00bbOFERTA P\u00daBLICA\u00bb shape=\u00bbsquare\u00bb color=\u00bbmulled-wine\u00bb size=\u00bblg\u00bb align=\u00bbcenter\u00bb css_animation=\u00bbfadeInRight\u00bb button_block=\u00bbtrue\u00bb link=\u00bburl:http%3A%2F%2Fgruposiembra.ec%2Fes%2Foferta-publica%2F|||\u00bb][\/vc_column_inner][\/vc_row_inner][vc_empty_space height=\u00bb40px\u00bb][\/vc_column][vc_column width=\u00bb1\/2&#8243;][vc_single_image image=\u00bb1423&#8243; img_size=\u00bbfull\u00bb alignment=\u00bbcenter\u00bb onclick=\u00bbcustom_link\u00bb css_animation=\u00bbfadeIn\u00bb link=\u00bbhttp:\/\/gruposiembra.ec\/es\/plantaciones-de-teca-en-ecuador\/\u00bb][vc_empty_space][\/vc_column][\/vc_row][vc_row full_width=\u00bbstretch_row\u00bb css=\u00bb.vc_custom_1516328105906{margin-top: 0px !important;margin-bottom: 0px !important;background-color: #8ac43f !important;}\u00bb][vc_column][vc_row_inner css=\u00bb.vc_custom_1516333112253{margin-top: 20px !important;padding-top: 30px !important;padding-bottom: 30px !important;}\u00bb][vc_column_inner width=\u00bb3\/4&#8243;][vc_column_text css=\u00bb.vc_custom_1517242802969{padding-top: 10px !important;padding-bottom: 10px !important;}\u00bb]<\/p>\n<h3 class=\"centrar txtblanco\">\u00bfBusca un negocio rentable en Ecuador para invertir?<\/h3>\n<p>[\/vc_column_text][\/vc_column_inner][vc_column_inner width=\u00bb1\/4&#8243;][vc_btn title=\u00bbCONT\u00c1CTENOS\u00bb color=\u00bbchino\u00bb align=\u00bbcenter\u00bb link=\u00bburl:http%3A%2F%2Fgruposiembra.ec%2Fes%2Fcontacto%2F|||\u00bb css=\u00bb.vc_custom_1543968891461{padding-top: 10px !important;padding-bottom: 10px !important;}\u00bb][\/vc_column_inner][\/vc_row_inner][\/vc_column][\/vc_row][vc_row full_width=\u00bbstretch_row\u00bb css=\u00bb.vc_custom_1523091910016{margin-top: 0px !important;margin-bottom: 0px !important;background-color: #fefefe !important;}\u00bb][vc_column][vc_row_inner][vc_column_inner width=\u00bb1\/4&#8243;][\/vc_column_inner][vc_column_inner width=\u00bb1\/2&#8243;][vc_empty_space height=\u00bb40px\u00bb][vc_column_text]<\/p>\n","protected":false},"excerpt":{"rendered":"<p>[vc_row css=\u00bb.vc_custom_1521736560997{margin-top: -20px !important;margin-bottom: 10px !important;padding-top: 0px !important;}\u00bb][vc_column][vc_column_text] \u00bfPor qu\u00e9 comprar nuestras acciones de plantaciones de teca? [\/vc_column_text][vc_empty_space height=\u00bb10px\u00bb][vc_separator color=\u00bbcustom\u00bb border_width=\u00bb6&#8243; el_width=\u00bb30&#8243; css_animation=\u00bbfadeInRight\u00bb accent_color=\u00bb#85BF40&#8243;][vc_empty_space height=\u00bb15px\u00bb][\/vc_column][\/vc_row][vc_row gap=\u00bb35&#8243; content_placement=\u00bbtop\u00bb css=\u00bb.vc_custom_1516312035613{margin-top: 0px !important;margin-bottom: 0px !important;padding-top: 0px !important;}\u00bb][vc_column width=\u00bb1\/4&#8243;][vc_single_image image=\u00bb497&#8243; el_class=\u00bbcamaleon centrarmobile\u00bb][vc_empty_space height=\u00bb15px\u00bb][vc_column_text el_class=\u00bbcentrarmobile\u00bb] Nuestras acciones cotizan en la Bolsa de Valores [\/vc_column_text][vc_empty_space height=\u00bb15px\u00bb][vc_column_text el_class=\u00bbcentrarmobile\u00bb]Desde 2002, nuestro equipo de [&hellip;]<\/p>\n","protected":false},"author":1,"featured_media":0,"parent":0,"menu_order":0,"comment_status":"closed","ping_status":"closed","template":"page-tpl_full_width.php","meta":{"inline_featured_image":false},"_links":{"self":[{"href":"https:\/\/www.gruposiembra.ec\/es\/wp-json\/wp\/v2\/pages\/443"}],"collection":[{"href":"https:\/\/www.gruposiembra.ec\/es\/wp-json\/wp\/v2\/pages"}],"about":[{"href":"https:\/\/www.gruposiembra.ec\/es\/wp-json\/wp\/v2\/types\/page"}],"author":[{"embeddable":true,"href":"https:\/\/www.gruposiembra.ec\/es\/wp-json\/wp\/v2\/users\/1"}],"replies":[{"embeddable":true,"href":"https:\/\/www.gruposiembra.ec\/es\/wp-json\/wp\/v2\/comments?post=443"}],"version-history":[{"count":132,"href":"https:\/\/www.gruposiembra.ec\/es\/wp-json\/wp\/v2\/pages\/443\/revisions"}],"predecessor-version":[{"id":1611,"href":"https:\/\/www.gruposiembra.ec\/es\/wp-json\/wp\/v2\/pages\/443\/revisions\/1611"}],"wp:attachment":[{"href":"https:\/\/www.gruposiembra.ec\/es\/wp-json\/wp\/v2\/media?parent=443"}],"curies":[{"name":"wp","href":"https:\/\/api.w.org\/{rel}","templated":true}]}}