{"id":19,"date":"2016-02-13T14:10:47","date_gmt":"2016-02-13T19:10:47","guid":{"rendered":"http:\/\/demo.djmimi.net\/themes\/industry\/?page_id=19"},"modified":"2018-04-14T02:15:57","modified_gmt":"2018-04-14T07:15:57","slug":"plantaciones-de-teca-en-ecuador","status":"publish","type":"page","link":"https:\/\/www.gruposiembra.ec\/es\/plantaciones-de-teca-en-ecuador\/","title":{"rendered":"Nuestras Plantaciones"},"content":{"rendered":"<p>[vc_row][vc_column width=\u00bb1\/2&#8243;][vc_single_image image=\u00bb1423&#8243; img_size=\u00bbfull\u00bb alignment=\u00bbcenter\u00bb][vc_empty_space height=\u00bb20px\u00bb el_class=\u00bbes\u00bb][vc_column_text]La ubicaci\u00f3n de las plantaciones de Siembra es consecuencia de un cuidadoso an\u00e1lisis de calidad de suelos, precipitaci\u00f3n lluviosa, topograf\u00eda del terreno, luminosidad, accesos a v\u00edas y a recursos humanos calificados.<\/p>\n<p>Ecuador es un pa\u00eds que se encuentra fuera de las zonas de huracanes, as\u00ed como de vientos que pudieran estropear el crecimiento del bosque.<\/p>\n<p>El primer eje de desarrollo se encuentra en el Cant\u00f3n Balzar de la Provincia del Guayas, donde se cuenta con niveles de precipitaci\u00f3n que oscilan entre 1,200mm y 2,000mm al a\u00f1o. Todas las plantaciones cuentan con muy buenos drenajes naturales, suelos de gran calidad y luminosidad.[\/vc_column_text][\/vc_column][vc_column width=\u00bb1\/2&#8243;][vc_empty_space height=\u00bb20px\u00bb el_class=\u00bbes\u00bb][\/vc_column][\/vc_row][vc_row][vc_column][vc_empty_space height=\u00bb50px\u00bb el_class=\u00bbes\u00bb][vc_column_text]<\/p>\n<h4>Diecisiete empresas forestales que cotizan desde el 2002 en la Bolsa de Valores<\/h4>\n<p>[\/vc_column_text][vc_separator color=\u00bbgreen\u00bb align=\u00bbalign_left\u00bb border_width=\u00bb4&#8243; el_width=\u00bb30&#8243; css_animation=\u00bbbounceInRight\u00bb css=\u00bb.vc_custom_1521675015384{padding-top: 1% !important;padding-bottom: 1% !important;}\u00bb][vc_column_text]Conozca los detalles sobre cada una de nuestras plantaciones de teca:[\/vc_column_text][\/vc_column][\/vc_row][vc_row css_animation=\u00bbfadeIn\u00bb css=\u00bb.vc_custom_1517208266893{margin-top: 40px !important;}\u00bb][vc_column width=\u00bb1\/3&#8243;]<div class=\"page-item top-media\">\r\n\t\t\t\t<a href=\"https:\/\/www.gruposiembra.ec\/es\/plantaciones-de-teca-en-ecuador\/valle-grande\/\" class=\"page-media\"><img width=\"360\" height=\"203\" src=\"https:\/\/www.gruposiembra.ec\/es\/wp-content\/uploads\/2017-valle-grande-forestal-360x203.jpg\" class=\"attachment-industry-box-thumb size-industry-box-thumb wp-post-image\" alt=\"\" loading=\"lazy\" \/><\/a>\r\n\t\t\t\t<div class=\"page-item-content\">\r\n\t\t\t\t\t<h5>Valle Grande 2017<\/h5>\r\n\t\t\t\t\t\r\n\t\t\t\t\t<a href=\"https:\/\/www.gruposiembra.ec\/es\/plantaciones-de-teca-en-ecuador\/valle-grande\/\" class=\"read-more header-font\">Continuar Leyendo<\/a>\r\n\t\t\t\t<\/div>\r\n\t\t\t<\/div>[\/vc_column][vc_column width=\u00bb1\/3&#8243;]<div class=\"page-item top-media\">\r\n\t\t\t\t<a href=\"https:\/\/www.gruposiembra.ec\/es\/plantaciones-de-teca-en-ecuador\/la-ensenada\/\" class=\"page-media\"><img width=\"360\" height=\"203\" src=\"https:\/\/www.gruposiembra.ec\/es\/wp-content\/uploads\/2016-la-ensenada-1-360x203.jpg\" class=\"attachment-industry-box-thumb size-industry-box-thumb wp-post-image\" alt=\"\" loading=\"lazy\" \/><\/a>\r\n\t\t\t\t<div class=\"page-item-content\">\r\n\t\t\t\t\t<h5>La Ensenada 2016<\/h5>\r\n\t\t\t\t\t\r\n\t\t\t\t\t<a href=\"https:\/\/www.gruposiembra.ec\/es\/plantaciones-de-teca-en-ecuador\/la-ensenada\/\" class=\"read-more header-font\">Continuar Leyendo<\/a>\r\n\t\t\t\t<\/div>\r\n\t\t\t<\/div>[\/vc_column][vc_column width=\u00bb1\/3&#8243;]<div class=\"page-item top-media\">\r\n\t\t\t\t<a href=\"https:\/\/www.gruposiembra.ec\/es\/plantaciones-de-teca-en-ecuador\/rio-grande\/\" class=\"page-media\"><img width=\"360\" height=\"203\" src=\"https:\/\/www.gruposiembra.ec\/es\/wp-content\/uploads\/2015-rio-grande-plantacion-teca-balzar-360x203.jpg\" class=\"attachment-industry-box-thumb size-industry-box-thumb wp-post-image\" alt=\"\" loading=\"lazy\" \/><\/a>\r\n\t\t\t\t<div class=\"page-item-content\">\r\n\t\t\t\t\t<h5>R\u00edo Grande 2015<\/h5>\r\n\t\t\t\t\t\r\n\t\t\t\t\t<a href=\"https:\/\/www.gruposiembra.ec\/es\/plantaciones-de-teca-en-ecuador\/rio-grande\/\" class=\"read-more header-font\">Continuar Leyendo<\/a>\r\n\t\t\t\t<\/div>\r\n\t\t\t<\/div>[\/vc_column][\/vc_row][vc_row css_animation=\u00bbfadeIn\u00bb css=\u00bb.vc_custom_1517207877708{margin-top: 15px !important;}\u00bb][vc_column width=\u00bb1\/3&#8243;]<div class=\"page-item top-media\">\r\n\t\t\t\t<a href=\"https:\/\/www.gruposiembra.ec\/es\/plantaciones-de-teca-en-ecuador\/la-vanguardia\/\" class=\"page-media\"><img width=\"360\" height=\"203\" src=\"https:\/\/www.gruposiembra.ec\/es\/wp-content\/uploads\/2014-vanguardia-plantacion-madera-teca-balzar-1-360x203.jpg\" class=\"attachment-industry-box-thumb size-industry-box-thumb wp-post-image\" alt=\"\" loading=\"lazy\" \/><\/a>\r\n\t\t\t\t<div class=\"page-item-content\">\r\n\t\t\t\t\t<h5>La Vanguardia 2014<\/h5>\r\n\t\t\t\t\t\r\n\t\t\t\t\t<a href=\"https:\/\/www.gruposiembra.ec\/es\/plantaciones-de-teca-en-ecuador\/la-vanguardia\/\" class=\"read-more header-font\">Continuar Leyendo<\/a>\r\n\t\t\t\t<\/div>\r\n\t\t\t<\/div>[\/vc_column][vc_column width=\u00bb1\/3&#8243;]<div class=\"page-item top-media\">\r\n\t\t\t\t<a href=\"https:\/\/www.gruposiembra.ec\/es\/plantaciones-de-teca-en-ecuador\/la-cumbre\/\" class=\"page-media\"><img width=\"360\" height=\"203\" src=\"https:\/\/www.gruposiembra.ec\/es\/wp-content\/uploads\/2013-cumbre-plantacion-madera-teca-balzar-1-360x203.jpg\" class=\"attachment-industry-box-thumb size-industry-box-thumb wp-post-image\" alt=\"\" loading=\"lazy\" \/><\/a>\r\n\t\t\t\t<div class=\"page-item-content\">\r\n\t\t\t\t\t<h5>La Cumbre 2013<\/h5>\r\n\t\t\t\t\t\r\n\t\t\t\t\t<a href=\"https:\/\/www.gruposiembra.ec\/es\/plantaciones-de-teca-en-ecuador\/la-cumbre\/\" class=\"read-more header-font\">Continuar Leyendo<\/a>\r\n\t\t\t\t<\/div>\r\n\t\t\t<\/div>[\/vc_column][vc_column width=\u00bb1\/3&#8243;]<div class=\"page-item top-media\">\r\n\t\t\t\t<a href=\"https:\/\/www.gruposiembra.ec\/es\/plantaciones-de-teca-en-ecuador\/cerro-alto\/\" class=\"page-media\"><img width=\"360\" height=\"203\" src=\"https:\/\/www.gruposiembra.ec\/es\/wp-content\/uploads\/2012-cerro-alto-3-360x203.jpg\" class=\"attachment-industry-box-thumb size-industry-box-thumb wp-post-image\" alt=\"\" loading=\"lazy\" \/><\/a>\r\n\t\t\t\t<div class=\"page-item-content\">\r\n\t\t\t\t\t<h5>Cerro Alto 2012<\/h5>\r\n\t\t\t\t\t\r\n\t\t\t\t\t<a href=\"https:\/\/www.gruposiembra.ec\/es\/plantaciones-de-teca-en-ecuador\/cerro-alto\/\" class=\"read-more header-font\">Continuar Leyendo<\/a>\r\n\t\t\t\t<\/div>\r\n\t\t\t<\/div>[\/vc_column][\/vc_row][vc_row css_animation=\u00bbfadeIn\u00bb css=\u00bb.vc_custom_1517208278110{margin-top: 15px !important;}\u00bb][vc_column width=\u00bb1\/3&#8243;]<div class=\"page-item top-media\">\r\n\t\t\t\t<a href=\"https:\/\/www.gruposiembra.ec\/es\/plantaciones-de-teca-en-ecuador\/la-sabana\/\" class=\"page-media\"><img width=\"360\" height=\"203\" src=\"https:\/\/www.gruposiembra.ec\/es\/wp-content\/uploads\/2012-sabana-plantacion-madera-teca-balzar-1-360x203.jpg\" class=\"attachment-industry-box-thumb size-industry-box-thumb wp-post-image\" alt=\"\" loading=\"lazy\" \/><\/a>\r\n\t\t\t\t<div class=\"page-item-content\">\r\n\t\t\t\t\t<h5>La Sabana 2012<\/h5>\r\n\t\t\t\t\t\r\n\t\t\t\t\t<a href=\"https:\/\/www.gruposiembra.ec\/es\/plantaciones-de-teca-en-ecuador\/la-sabana\/\" class=\"read-more header-font\">Continuar Leyendo<\/a>\r\n\t\t\t\t<\/div>\r\n\t\t\t<\/div>[\/vc_column][vc_column width=\u00bb1\/3&#8243;]<div class=\"page-item top-media\">\r\n\t\t\t\t<a href=\"https:\/\/www.gruposiembra.ec\/es\/plantaciones-de-teca-en-ecuador\/la-colina\/\" class=\"page-media\"><img width=\"360\" height=\"203\" src=\"https:\/\/www.gruposiembra.ec\/es\/wp-content\/uploads\/2011-colina-plantacion-madera-teca-balzar-1-360x203.jpg\" class=\"attachment-industry-box-thumb size-industry-box-thumb wp-post-image\" alt=\"\" loading=\"lazy\" \/><\/a>\r\n\t\t\t\t<div class=\"page-item-content\">\r\n\t\t\t\t\t<h5>La Colina 2011<\/h5>\r\n\t\t\t\t\t\r\n\t\t\t\t\t<a href=\"https:\/\/www.gruposiembra.ec\/es\/plantaciones-de-teca-en-ecuador\/la-colina\/\" class=\"read-more header-font\">Continuar Leyendo<\/a>\r\n\t\t\t\t<\/div>\r\n\t\t\t<\/div>[\/vc_column][vc_column width=\u00bb1\/3&#8243;]<div class=\"page-item top-media\">\r\n\t\t\t\t<a href=\"https:\/\/www.gruposiembra.ec\/es\/plantaciones-de-teca-en-ecuador\/la-estancia\/\" class=\"page-media\"><img width=\"360\" height=\"203\" src=\"https:\/\/www.gruposiembra.ec\/es\/wp-content\/uploads\/2010-estancia-plantacion-madera-teca-balzar-2-360x203.jpg\" class=\"attachment-industry-box-thumb size-industry-box-thumb wp-post-image\" alt=\"La Estancia | GRUPO SIEMBRA\" loading=\"lazy\" \/><\/a>\r\n\t\t\t\t<div class=\"page-item-content\">\r\n\t\t\t\t\t<h5>La Estancia 2010<\/h5>\r\n\t\t\t\t\t\r\n\t\t\t\t\t<a href=\"https:\/\/www.gruposiembra.ec\/es\/plantaciones-de-teca-en-ecuador\/la-estancia\/\" class=\"read-more header-font\">Continuar Leyendo<\/a>\r\n\t\t\t\t<\/div>\r\n\t\t\t<\/div>[\/vc_column][\/vc_row][vc_row css_animation=\u00bbfadeIn\u00bb css=\u00bb.vc_custom_1517208209893{margin-top: 15px !important;}\u00bb][vc_column width=\u00bb1\/3&#8243;]<div class=\"page-item top-media\">\r\n\t\t\t\t<a href=\"https:\/\/www.gruposiembra.ec\/es\/plantaciones-de-teca-en-ecuador\/el-sendero\/\" class=\"page-media\"><img width=\"360\" height=\"203\" src=\"https:\/\/www.gruposiembra.ec\/es\/wp-content\/uploads\/2009-sendero-plantacion-madera-teca-balzar-1-360x203.jpg\" class=\"attachment-industry-box-thumb size-industry-box-thumb wp-post-image\" alt=\"\" loading=\"lazy\" \/><\/a>\r\n\t\t\t\t<div class=\"page-item-content\">\r\n\t\t\t\t\t<h5>El Sendero 2009<\/h5>\r\n\t\t\t\t\t\r\n\t\t\t\t\t<a href=\"https:\/\/www.gruposiembra.ec\/es\/plantaciones-de-teca-en-ecuador\/el-sendero\/\" class=\"read-more header-font\">Continuar Leyendo<\/a>\r\n\t\t\t\t<\/div>\r\n\t\t\t<\/div>[\/vc_column][vc_column width=\u00bb1\/3&#8243;]<div class=\"page-item top-media\">\r\n\t\t\t\t<a href=\"https:\/\/www.gruposiembra.ec\/es\/plantaciones-de-teca-en-ecuador\/el-refugio-2\/\" class=\"page-media\"><img width=\"360\" height=\"203\" src=\"https:\/\/www.gruposiembra.ec\/es\/wp-content\/uploads\/2008-refugio-plantacion-madera-teca-balzar-1-360x203.jpg\" class=\"attachment-industry-box-thumb size-industry-box-thumb wp-post-image\" alt=\"El Refugio | GRUPO SIEMBRA\" loading=\"lazy\" \/><\/a>\r\n\t\t\t\t<div class=\"page-item-content\">\r\n\t\t\t\t\t<h5>El Refugio 2008<\/h5>\r\n\t\t\t\t\t\r\n\t\t\t\t\t<a href=\"https:\/\/www.gruposiembra.ec\/es\/plantaciones-de-teca-en-ecuador\/el-refugio-2\/\" class=\"read-more header-font\">Continuar Leyendo<\/a>\r\n\t\t\t\t<\/div>\r\n\t\t\t<\/div>[\/vc_column][vc_column width=\u00bb1\/3&#8243;]<div class=\"page-item top-media\">\r\n\t\t\t\t<a href=\"https:\/\/www.gruposiembra.ec\/es\/plantaciones-de-teca-en-ecuador\/la-campina\/\" class=\"page-media\"><img width=\"360\" height=\"203\" src=\"https:\/\/www.gruposiembra.ec\/es\/wp-content\/uploads\/2007-campina-plantacion-madera-teca-balzar-1-360x203.jpg\" class=\"attachment-industry-box-thumb size-industry-box-thumb wp-post-image\" alt=\"La Campi\u00f1a | GRUPO SIEMBRA\" loading=\"lazy\" \/><\/a>\r\n\t\t\t\t<div class=\"page-item-content\">\r\n\t\t\t\t\t<h5>La Campi\u00f1a 2007<\/h5>\r\n\t\t\t\t\t\r\n\t\t\t\t\t<a href=\"https:\/\/www.gruposiembra.ec\/es\/plantaciones-de-teca-en-ecuador\/la-campina\/\" class=\"read-more header-font\">Continuar Leyendo<\/a>\r\n\t\t\t\t<\/div>\r\n\t\t\t<\/div>[\/vc_column][\/vc_row][vc_row css_animation=\u00bbfadeIn\u00bb css=\u00bb.vc_custom_1517208217336{margin-top: 15px !important;}\u00bb][vc_column width=\u00bb1\/3&#8243;]<div class=\"page-item top-media\">\r\n\t\t\t\t<a href=\"https:\/\/www.gruposiembra.ec\/es\/plantaciones-de-teca-en-ecuador\/cerro-verde\/\" class=\"page-media\"><img width=\"360\" height=\"203\" src=\"https:\/\/www.gruposiembra.ec\/es\/wp-content\/uploads\/2006-cerro-verde-plantacion-madera-teca-balzar-1-360x203.jpg\" class=\"attachment-industry-box-thumb size-industry-box-thumb wp-post-image\" alt=\"\" loading=\"lazy\" \/><\/a>\r\n\t\t\t\t<div class=\"page-item-content\">\r\n\t\t\t\t\t<h5>Cerro Verde 2006<\/h5>\r\n\t\t\t\t\t\r\n\t\t\t\t\t<a href=\"https:\/\/www.gruposiembra.ec\/es\/plantaciones-de-teca-en-ecuador\/cerro-verde\/\" class=\"read-more header-font\">Continuar Leyendo<\/a>\r\n\t\t\t\t<\/div>\r\n\t\t\t<\/div>[\/vc_column][vc_column width=\u00bb1\/3&#8243;]<div class=\"page-item top-media\">\r\n\t\t\t\t<a href=\"https:\/\/www.gruposiembra.ec\/es\/plantaciones-de-teca-en-ecuador\/la-reserva\/\" class=\"page-media\"><img width=\"360\" height=\"203\" src=\"https:\/\/www.gruposiembra.ec\/es\/wp-content\/uploads\/2005-la-reserva-plantacion-madera-teca-balzar-2-360x203.jpg\" class=\"attachment-industry-box-thumb size-industry-box-thumb wp-post-image\" alt=\"La Reserva | GRUPO SIEMBRA\" loading=\"lazy\" \/><\/a>\r\n\t\t\t\t<div class=\"page-item-content\">\r\n\t\t\t\t\t<h5>La Reserva 2005<\/h5>\r\n\t\t\t\t\t\r\n\t\t\t\t\t<a href=\"https:\/\/www.gruposiembra.ec\/es\/plantaciones-de-teca-en-ecuador\/la-reserva\/\" class=\"read-more header-font\">Continuar Leyendo<\/a>\r\n\t\t\t\t<\/div>\r\n\t\t\t<\/div>[\/vc_column][vc_column width=\u00bb1\/3&#8243;]<div class=\"page-item top-media\">\r\n\t\t\t\t<a href=\"https:\/\/www.gruposiembra.ec\/es\/plantaciones-de-teca-en-ecuador\/el-tecal\/\" class=\"page-media\"><img width=\"360\" height=\"203\" src=\"https:\/\/www.gruposiembra.ec\/es\/wp-content\/uploads\/2004-tecal-plantaciones-madera-teca-1-360x203.jpg\" class=\"attachment-industry-box-thumb size-industry-box-thumb wp-post-image\" alt=\"El Tecal | GRUPO SIEMBRA\" loading=\"lazy\" \/><\/a>\r\n\t\t\t\t<div class=\"page-item-content\">\r\n\t\t\t\t\t<h5>El Tecal 2004<\/h5>\r\n\t\t\t\t\t\r\n\t\t\t\t\t<a href=\"https:\/\/www.gruposiembra.ec\/es\/plantaciones-de-teca-en-ecuador\/el-tecal\/\" class=\"read-more header-font\">Continuar Leyendo<\/a>\r\n\t\t\t\t<\/div>\r\n\t\t\t<\/div>[\/vc_column][\/vc_row][vc_row css_animation=\u00bbfadeIn\u00bb css=\u00bb.vc_custom_1517208223376{margin-top: 15px !important;}\u00bb][vc_column width=\u00bb1\/3&#8243;]<div class=\"page-item top-media\">\r\n\t\t\t\t<a href=\"https:\/\/www.gruposiembra.ec\/es\/plantaciones-de-teca-en-ecuador\/rio-congo\/\" class=\"page-media\"><img width=\"360\" height=\"203\" src=\"https:\/\/www.gruposiembra.ec\/es\/wp-content\/uploads\/2003-rio-congo-plantacion-madera-teca-2-360x203.jpg\" class=\"attachment-industry-box-thumb size-industry-box-thumb wp-post-image\" alt=\"R\u00edo Congo | GRUPO SIEMBRA\" loading=\"lazy\" \/><\/a>\r\n\t\t\t\t<div class=\"page-item-content\">\r\n\t\t\t\t\t<h5>R\u00edo Congo 2003<\/h5>\r\n\t\t\t\t\t\r\n\t\t\t\t\t<a href=\"https:\/\/www.gruposiembra.ec\/es\/plantaciones-de-teca-en-ecuador\/rio-congo\/\" class=\"read-more header-font\">Continuar Leyendo<\/a>\r\n\t\t\t\t<\/div>\r\n\t\t\t<\/div>[\/vc_column][vc_column width=\u00bb1\/3&#8243;]<div class=\"page-item top-media\">\r\n\t\t\t\t<a href=\"https:\/\/www.gruposiembra.ec\/es\/plantaciones-de-teca-en-ecuador\/meriza\/\" class=\"page-media\"><img width=\"360\" height=\"203\" src=\"https:\/\/www.gruposiembra.ec\/es\/wp-content\/uploads\/meriza-febrero-2012-35-360x203.jpg\" class=\"attachment-industry-box-thumb size-industry-box-thumb wp-post-image\" alt=\"\" loading=\"lazy\" \/><\/a>\r\n\t\t\t\t<div class=\"page-item-content\">\r\n\t\t\t\t\t<h5>Meriza 2002<\/h5>\r\n\t\t\t\t\t\r\n\t\t\t\t\t<a href=\"https:\/\/www.gruposiembra.ec\/es\/plantaciones-de-teca-en-ecuador\/meriza\/\" class=\"read-more header-font\">Continuar Leyendo<\/a>\r\n\t\t\t\t<\/div>\r\n\t\t\t<\/div>[\/vc_column][vc_column width=\u00bb1\/3&#8243;][\/vc_column][\/vc_row][vc_row][vc_column][vc_empty_space height=\u00bb40px\u00bb][\/vc_column][\/vc_row]<\/p>\n","protected":false},"excerpt":{"rendered":"<p>[vc_row][vc_column width=\u00bb1\/2&#8243;][vc_single_image image=\u00bb1423&#8243; img_size=\u00bbfull\u00bb alignment=\u00bbcenter\u00bb][vc_empty_space height=\u00bb20px\u00bb el_class=\u00bbes\u00bb][vc_column_text]La ubicaci\u00f3n de las plantaciones de Siembra es consecuencia de un cuidadoso an\u00e1lisis de calidad de suelos, precipitaci\u00f3n lluviosa, topograf\u00eda del terreno, luminosidad, accesos a v\u00edas y a recursos humanos calificados. Ecuador es un pa\u00eds que se encuentra fuera de las zonas de huracanes, as\u00ed como de vientos que [&hellip;]<\/p>\n","protected":false},"author":1,"featured_media":0,"parent":0,"menu_order":0,"comment_status":"closed","ping_status":"closed","template":"page-tpl_full_width.php","meta":{"inline_featured_image":false},"_links":{"self":[{"href":"https:\/\/www.gruposiembra.ec\/es\/wp-json\/wp\/v2\/pages\/19"}],"collection":[{"href":"https:\/\/www.gruposiembra.ec\/es\/wp-json\/wp\/v2\/pages"}],"about":[{"href":"https:\/\/www.gruposiembra.ec\/es\/wp-json\/wp\/v2\/types\/page"}],"author":[{"embeddable":true,"href":"https:\/\/www.gruposiembra.ec\/es\/wp-json\/wp\/v2\/users\/1"}],"replies":[{"embeddable":true,"href":"https:\/\/www.gruposiembra.ec\/es\/wp-json\/wp\/v2\/comments?post=19"}],"version-history":[{"count":19,"href":"https:\/\/www.gruposiembra.ec\/es\/wp-json\/wp\/v2\/pages\/19\/revisions"}],"predecessor-version":[{"id":1451,"href":"https:\/\/www.gruposiembra.ec\/es\/wp-json\/wp\/v2\/pages\/19\/revisions\/1451"}],"wp:attachment":[{"href":"https:\/\/www.gruposiembra.ec\/es\/wp-json\/wp\/v2\/media?parent=19"}],"curies":[{"name":"wp","href":"https:\/\/api.w.org\/{rel}","templated":true}]}}