{"id":175,"date":"2016-02-14T15:02:34","date_gmt":"2016-02-14T20:02:34","guid":{"rendered":"http:\/\/demo.djmimi.net\/themes\/industry\/?page_id=175"},"modified":"2018-04-14T01:22:10","modified_gmt":"2018-04-14T06:22:10","slug":"acerca-de-siembra","status":"publish","type":"page","link":"https:\/\/www.gruposiembra.ec\/es\/acerca-de-siembra\/","title":{"rendered":"Qui\u00e9nes Somos"},"content":{"rendered":"<p>[vc_row css=\u00bb.vc_custom_1516671751946{margin-top: 40px !important;}\u00bb][vc_column width=\u00bb1\/3&#8243;][vc_column_text]<img loading=\"lazy\" class=\"alignnone wp-image-563 size-full\" src=\"http:\/\/gruposiembra.ec\/es\/wp-content\/uploads\/2018\/01\/about-us.jpg\" alt=\"GRUPO SIEMBRA\" width=\"500\" height=\"276\" srcset=\"https:\/\/www.gruposiembra.ec\/es\/wp-content\/uploads\/2018\/01\/about-us.jpg 500w, https:\/\/www.gruposiembra.ec\/es\/wp-content\/uploads\/2018\/01\/about-us-300x166.jpg 300w, https:\/\/www.gruposiembra.ec\/es\/wp-content\/uploads\/2018\/01\/about-us-409x226.jpg 409w, https:\/\/www.gruposiembra.ec\/es\/wp-content\/uploads\/2018\/01\/about-us-471x260.jpg 471w\" sizes=\"(max-width: 500px) 100vw, 500px\" \/>[\/vc_column_text][\/vc_column][vc_column width=\u00bb2\/3&#8243;][vc_column_text]<\/p>\n<h3 class=\"Museo-700\">Visi\u00f3n<\/h3>\n<p>[\/vc_column_text][vc_separator color=\u00bbcustom\u00bb align=\u00bbalign_left\u00bb border_width=\u00bb6&#8243; el_width=\u00bb20&#8243; css_animation=\u00bbslideInRight\u00bb accent_color=\u00bb#85bf40&#8243; css=\u00bb.vc_custom_1516675056879{padding-top: 10px !important;}\u00bb][vc_empty_space height=\u00bb25px\u00bb][vc_column_text]Ofrecer productos forestales renovables de alta calidad, utilizando las mejores pr\u00e1cticas agr\u00edcolas, ambientales y sociales; a partir de la integraci\u00f3n eficiente y rentable de capitales.[\/vc_column_text][vc_empty_space height=\u00bb30px\u00bb][vc_column_text]<\/p>\n<h3 class=\"Museo-700\">\u00bfQu\u00e9 es Grupo Siembra?<\/h3>\n<p>[\/vc_column_text][vc_separator color=\u00bbcustom\u00bb align=\u00bbalign_left\u00bb border_width=\u00bb6&#8243; el_width=\u00bb20&#8243; css_animation=\u00bbslideInRight\u00bb accent_color=\u00bb#85bf40&#8243; css=\u00bb.vc_custom_1516675056879{padding-top: 10px !important;}\u00bb][vc_empty_space height=\u00bb25px\u00bb][vc_column_text]Con la finalidad de promover, desarrollar y administrar plantaciones de Teca como una alternativa de inversi\u00f3n rentable, segura y ambientalmente sustentable se cre\u00f3 SIEMBRA (Sistema Integrado de Empresas Basadas en Recursos Ambientales).<\/p>\n<p>Somos el equipo m\u00e1s experimentado de estructuraci\u00f3n, colocaci\u00f3n burs\u00e1til y operaci\u00f3n de plantaciones forestales en Ecuador.[\/vc_column_text][\/vc_column][\/vc_row][vc_row css=\u00bb.vc_custom_1516675427779{margin-top: 35px !important;}\u00bb][vc_column][vc_column_text]<\/p>\n<h3 class=\"Museo-700\">Nuestro Equipo<\/h3>\n<p>[\/vc_column_text][vc_separator color=\u00bbcustom\u00bb align=\u00bbalign_left\u00bb border_width=\u00bb6&#8243; el_width=\u00bb20&#8243; css_animation=\u00bbslideInRight\u00bb accent_color=\u00bb#85bf40&#8243; css=\u00bb.vc_custom_1516675056879{padding-top: 10px !important;}\u00bb][vc_empty_space height=\u00bb30px\u00bb][vc_row_inner css=\u00bb.vc_custom_1455722094885{margin-bottom: -25px !important;}\u00bb][vc_column_inner width=\u00bb1\/4&#8243;]\r\n\t\t<div class=\"team-member clearfix\">\r\n\t\t\t<div class=\"team-member-avatar\">\r\n\t\t\t\t\r\n\t\t\t\t\r\n\t\t\t<\/div>\r\n\t\t\t<div class=\"team-member-caption\">\r\n\t\t\t\t<h5>Paul Palacios<\/h5>\r\n\t\t\t\t<p class=\"position\">Presidente<\/p>\r\n\t\t\t\t<div class=\"description\"><p>Es graduado de INCAE y tiene una Maestr\u00eda en Administraci\u00f3n de Empresas con especializaci\u00f3n en Agroindustria y Desarrollo Rural. Ha desarrollado su experiencia en el sector financiero, mercado de valores y en la estructuraci\u00f3n y desarrollo de proyectos econ\u00f3micos.<\/p>\n<\/div>\r\n\t\t\t<\/div>\r\n\t\t<\/div>[\/vc_column_inner][vc_column_inner width=\u00bb1\/4&#8243;]\r\n\t\t<div class=\"team-member clearfix\">\r\n\t\t\t<div class=\"team-member-avatar\">\r\n\t\t\t\t\r\n\t\t\t\t\r\n\t\t\t<\/div>\r\n\t\t\t<div class=\"team-member-caption\">\r\n\t\t\t\t<h5>Mart\u00edn Umpi\u00e9rrez<\/h5>\r\n\t\t\t\t<p class=\"position\">Gerente General<\/p>\r\n\t\t\t\t<div class=\"description\"><p>Es graduado de INCAE y tiene una Maestr\u00eda en Administraci\u00f3n de Empresas. Ha participado activamente en el Sector Industrial, Comercial y en la administraci\u00f3n de proyectos Agr\u00edcolas y Forestales.<\/p>\n<\/div>\r\n\t\t\t<\/div>\r\n\t\t<\/div>[\/vc_column_inner][vc_column_inner width=\u00bb1\/4&#8243;]\r\n\t\t<div class=\"team-member clearfix\">\r\n\t\t\t<div class=\"team-member-avatar\">\r\n\t\t\t\t\r\n\t\t\t\t\r\n\t\t\t<\/div>\r\n\t\t\t<div class=\"team-member-caption\">\r\n\t\t\t\t<h5>Ricardo Umpi\u00e9rrez<\/h5>\r\n\t\t\t\t<p class=\"position\">Gerente T\u00e9cnico<\/p>\r\n\t\t\t\t<div class=\"description\"><p>Es graduado de EARTH (Costa Rica) y ha acumulado experiencia en el manejo de plantaciones forestales y cultivos de ciclo corto.<\/p>\n<\/div>\r\n\t\t\t<\/div>\r\n\t\t<\/div>[\/vc_column_inner][vc_column_inner width=\u00bb1\/4&#8243;]\r\n\t\t<div class=\"team-member clearfix\">\r\n\t\t\t<div class=\"team-member-avatar\">\r\n\t\t\t\t\r\n\t\t\t\t\r\n\t\t\t<\/div>\r\n\t\t\t<div class=\"team-member-caption\">\r\n\t\t\t\t<h5>Mar\u00eda Fernanda Santistevan<\/h5>\r\n\t\t\t\t<p class=\"position\">Gerente Comercial<\/p>\r\n\t\t\t\t<div class=\"description\"><p>Es responsable de las actividades comerciales, liderando procesos de mercadeo y ventas de empresas que cotizan en Bolsa.<\/p>\n<\/div>\r\n\t\t\t<\/div>\r\n\t\t<\/div>[\/vc_column_inner][\/vc_row_inner][vc_empty_space height=\u00bb50px\u00bb][vc_column_text]En respaldo de estos funcionarios se encuentran decenas de colaboradores, constituy\u00e9ndose en el Equipo m\u00e1s experimentado de estructuraci\u00f3n, colocaci\u00f3n burs\u00e1til y operaci\u00f3n de plantaciones forestales en Ecuador.<\/p>\n<p>Hemos desarrollado exitosamente m\u00e1s de 3,000 hect\u00e1reas de teca, contribuyendo con ello a aumentar la capacidad exportadora del pa\u00eds, la generaci\u00f3n de empleo y la fijaci\u00f3n de cientos de miles de toneladas de carbono. Aun tenemos el desaf\u00edo de hacerlo cada vez mejor.[\/vc_column_text][vc_empty_space height=\u00bb50px\u00bb][\/vc_column][\/vc_row][vc_row equal_height=\u00bbyes\u00bb content_placement=\u00bbtop\u00bb][vc_column width=\u00bb1\/3&#8243;][vc_single_image image=\u00bb615&#8243; img_size=\u00bbfull\u00bb][\/vc_column][vc_column width=\u00bb1\/3&#8243;][vc_single_image image=\u00bb614&#8243; img_size=\u00bbfull\u00bb][\/vc_column][vc_column width=\u00bb1\/3&#8243;][vc_single_image image=\u00bb613&#8243; img_size=\u00bbfull\u00bb][\/vc_column][\/vc_row][vc_row equal_height=\u00bbyes\u00bb content_placement=\u00bbtop\u00bb][vc_column][vc_empty_space height=\u00bb50px\u00bb el_class=\u00bbespaciomobile\u00bb][\/vc_column][\/vc_row]<\/p>\n","protected":false},"excerpt":{"rendered":"<p>[vc_row css=\u00bb.vc_custom_1516671751946{margin-top: 40px !important;}\u00bb][vc_column width=\u00bb1\/3&#8243;][vc_column_text][\/vc_column_text][\/vc_column][vc_column width=\u00bb2\/3&#8243;][vc_column_text] Visi\u00f3n [\/vc_column_text][vc_separator color=\u00bbcustom\u00bb align=\u00bbalign_left\u00bb border_width=\u00bb6&#8243; el_width=\u00bb20&#8243; css_animation=\u00bbslideInRight\u00bb accent_color=\u00bb#85bf40&#8243; css=\u00bb.vc_custom_1516675056879{padding-top: 10px !important;}\u00bb][vc_empty_space height=\u00bb25px\u00bb][vc_column_text]Ofrecer productos forestales renovables de alta calidad, utilizando las mejores pr\u00e1cticas agr\u00edcolas, ambientales y sociales; a partir de la integraci\u00f3n eficiente y rentable de capitales.[\/vc_column_text][vc_empty_space height=\u00bb30px\u00bb][vc_column_text] \u00bfQu\u00e9 es Grupo Siembra? [\/vc_column_text][vc_separator color=\u00bbcustom\u00bb align=\u00bbalign_left\u00bb border_width=\u00bb6&#8243; el_width=\u00bb20&#8243; css_animation=\u00bbslideInRight\u00bb accent_color=\u00bb#85bf40&#8243; css=\u00bb.vc_custom_1516675056879{padding-top: [&hellip;]<\/p>\n","protected":false},"author":1,"featured_media":0,"parent":0,"menu_order":0,"comment_status":"closed","ping_status":"closed","template":"page-tpl_full_width.php","meta":{"inline_featured_image":false},"_links":{"self":[{"href":"https:\/\/www.gruposiembra.ec\/es\/wp-json\/wp\/v2\/pages\/175"}],"collection":[{"href":"https:\/\/www.gruposiembra.ec\/es\/wp-json\/wp\/v2\/pages"}],"about":[{"href":"https:\/\/www.gruposiembra.ec\/es\/wp-json\/wp\/v2\/types\/page"}],"author":[{"embeddable":true,"href":"https:\/\/www.gruposiembra.ec\/es\/wp-json\/wp\/v2\/users\/1"}],"replies":[{"embeddable":true,"href":"https:\/\/www.gruposiembra.ec\/es\/wp-json\/wp\/v2\/comments?post=175"}],"version-history":[{"count":22,"href":"https:\/\/www.gruposiembra.ec\/es\/wp-json\/wp\/v2\/pages\/175\/revisions"}],"predecessor-version":[{"id":1457,"href":"https:\/\/www.gruposiembra.ec\/es\/wp-json\/wp\/v2\/pages\/175\/revisions\/1457"}],"wp:attachment":[{"href":"https:\/\/www.gruposiembra.ec\/es\/wp-json\/wp\/v2\/media?parent=175"}],"curies":[{"name":"wp","href":"https:\/\/api.w.org\/{rel}","templated":true}]}}